{"id":37671,"date":"2023-07-12T20:41:00","date_gmt":"2023-07-12T18:41:00","guid":{"rendered":"https:\/\/ccmprimaire.be\/wp\/?page_id=37671"},"modified":"2025-10-02T19:41:36","modified_gmt":"2025-10-02T17:41:36","slug":"notre-pedagogie","status":"publish","type":"page","link":"https:\/\/ccmprimaire.be\/wp\/notre-pedagogie\/","title":{"rendered":"Notre p\u00e9dagogie en maternelle"},"content":{"rendered":"\n<figure class=\"wp-block-image size-full\"><img data-recalc-dims=\"1\" decoding=\"async\" width=\"466\" height=\"71\" data-attachment-id=\"37673\" data-permalink=\"https:\/\/ccmprimaire.be\/wp\/notre-pedagogie\/pedagogie-1\/\" data-orig-file=\"https:\/\/i0.wp.com\/ccmprimaire.be\/wp\/wp-content\/uploads\/2023\/07\/pedagogie-1.jpg?fit=466%2C71&amp;ssl=1\" data-orig-size=\"466,71\" data-comments-opened=\"1\" data-image-meta=\"{&quot;aperture&quot;:&quot;0&quot;,&quot;credit&quot;:&quot;&quot;,&quot;camera&quot;:&quot;&quot;,&quot;caption&quot;:&quot;&quot;,&quot;created_timestamp&quot;:&quot;0&quot;,&quot;copyright&quot;:&quot;&quot;,&quot;focal_length&quot;:&quot;0&quot;,&quot;iso&quot;:&quot;0&quot;,&quot;shutter_speed&quot;:&quot;0&quot;,&quot;title&quot;:&quot;&quot;,&quot;orientation&quot;:&quot;0&quot;}\" data-image-title=\"pedagogie-1\" data-image-description=\"\" data-image-caption=\"\" data-large-file=\"https:\/\/i0.wp.com\/ccmprimaire.be\/wp\/wp-content\/uploads\/2023\/07\/pedagogie-1.jpg?fit=466%2C71&amp;ssl=1\" src=\"https:\/\/i0.wp.com\/ccmprimaire.be\/wp\/wp-content\/uploads\/2023\/07\/pedagogie-1.jpg?resize=466%2C71&#038;ssl=1\" alt=\"\" class=\"wp-image-37673\" srcset=\"https:\/\/i0.wp.com\/ccmprimaire.be\/wp\/wp-content\/uploads\/2023\/07\/pedagogie-1.jpg?w=466&amp;ssl=1 466w, https:\/\/i0.wp.com\/ccmprimaire.be\/wp\/wp-content\/uploads\/2023\/07\/pedagogie-1.jpg?resize=300%2C46&amp;ssl=1 300w, https:\/\/i0.wp.com\/ccmprimaire.be\/wp\/wp-content\/uploads\/2023\/07\/pedagogie-1.jpg?resize=150%2C23&amp;ssl=1 150w, https:\/\/i0.wp.com\/ccmprimaire.be\/wp\/wp-content\/uploads\/2023\/07\/pedagogie-1.jpg?resize=250%2C38&amp;ssl=1 250w\" sizes=\"(max-width: 466px) 100vw, 466px\" \/><\/figure>\n\n\n\n<figure class=\"wp-block-image size-full\"><img data-recalc-dims=\"1\" decoding=\"async\" width=\"421\" height=\"73\" data-attachment-id=\"37674\" data-permalink=\"https:\/\/ccmprimaire.be\/wp\/notre-pedagogie\/inspirations-2\/\" data-orig-file=\"https:\/\/i0.wp.com\/ccmprimaire.be\/wp\/wp-content\/uploads\/2023\/07\/inspirations.jpg?fit=421%2C73&amp;ssl=1\" data-orig-size=\"421,73\" data-comments-opened=\"1\" data-image-meta=\"{&quot;aperture&quot;:&quot;0&quot;,&quot;credit&quot;:&quot;&quot;,&quot;camera&quot;:&quot;&quot;,&quot;caption&quot;:&quot;&quot;,&quot;created_timestamp&quot;:&quot;0&quot;,&quot;copyright&quot;:&quot;&quot;,&quot;focal_length&quot;:&quot;0&quot;,&quot;iso&quot;:&quot;0&quot;,&quot;shutter_speed&quot;:&quot;0&quot;,&quot;title&quot;:&quot;&quot;,&quot;orientation&quot;:&quot;0&quot;}\" data-image-title=\"inspirations\" data-image-description=\"\" data-image-caption=\"\" data-large-file=\"https:\/\/i0.wp.com\/ccmprimaire.be\/wp\/wp-content\/uploads\/2023\/07\/inspirations.jpg?fit=421%2C73&amp;ssl=1\" src=\"https:\/\/i0.wp.com\/ccmprimaire.be\/wp\/wp-content\/uploads\/2023\/07\/inspirations.jpg?resize=421%2C73&#038;ssl=1\" alt=\"\" class=\"wp-image-37674\" srcset=\"https:\/\/i0.wp.com\/ccmprimaire.be\/wp\/wp-content\/uploads\/2023\/07\/inspirations.jpg?w=421&amp;ssl=1 421w, https:\/\/i0.wp.com\/ccmprimaire.be\/wp\/wp-content\/uploads\/2023\/07\/inspirations.jpg?resize=300%2C52&amp;ssl=1 300w, https:\/\/i0.wp.com\/ccmprimaire.be\/wp\/wp-content\/uploads\/2023\/07\/inspirations.jpg?resize=150%2C26&amp;ssl=1 150w, https:\/\/i0.wp.com\/ccmprimaire.be\/wp\/wp-content\/uploads\/2023\/07\/inspirations.jpg?resize=250%2C43&amp;ssl=1 250w\" sizes=\"(max-width: 421px) 100vw, 421px\" \/><\/figure>\n\n\n<p>Il n\u2019existe pas une seule bonne p\u00e9dagogie mais bien un ensemble de p\u00e9dagogies qui peuvent se compl\u00e9ter afin de toucher un plus grand nombre.<\/p>\n\n\n<figure class=\"wp-block-image size-full\"><img data-recalc-dims=\"1\" decoding=\"async\" width=\"477\" height=\"85\" data-attachment-id=\"37675\" data-permalink=\"https:\/\/ccmprimaire.be\/wp\/notre-pedagogie\/regard-2\/\" data-orig-file=\"https:\/\/i0.wp.com\/ccmprimaire.be\/wp\/wp-content\/uploads\/2023\/07\/regard.jpg?fit=477%2C85&amp;ssl=1\" data-orig-size=\"477,85\" data-comments-opened=\"1\" data-image-meta=\"{&quot;aperture&quot;:&quot;0&quot;,&quot;credit&quot;:&quot;&quot;,&quot;camera&quot;:&quot;&quot;,&quot;caption&quot;:&quot;&quot;,&quot;created_timestamp&quot;:&quot;0&quot;,&quot;copyright&quot;:&quot;&quot;,&quot;focal_length&quot;:&quot;0&quot;,&quot;iso&quot;:&quot;0&quot;,&quot;shutter_speed&quot;:&quot;0&quot;,&quot;title&quot;:&quot;&quot;,&quot;orientation&quot;:&quot;0&quot;}\" data-image-title=\"regard\" data-image-description=\"\" data-image-caption=\"\" data-large-file=\"https:\/\/i0.wp.com\/ccmprimaire.be\/wp\/wp-content\/uploads\/2023\/07\/regard.jpg?fit=477%2C85&amp;ssl=1\" src=\"https:\/\/i0.wp.com\/ccmprimaire.be\/wp\/wp-content\/uploads\/2023\/07\/regard.jpg?resize=477%2C85&#038;ssl=1\" alt=\"\" class=\"wp-image-37675\" srcset=\"https:\/\/i0.wp.com\/ccmprimaire.be\/wp\/wp-content\/uploads\/2023\/07\/regard.jpg?w=477&amp;ssl=1 477w, https:\/\/i0.wp.com\/ccmprimaire.be\/wp\/wp-content\/uploads\/2023\/07\/regard.jpg?resize=300%2C53&amp;ssl=1 300w, https:\/\/i0.wp.com\/ccmprimaire.be\/wp\/wp-content\/uploads\/2023\/07\/regard.jpg?resize=150%2C27&amp;ssl=1 150w, https:\/\/i0.wp.com\/ccmprimaire.be\/wp\/wp-content\/uploads\/2023\/07\/regard.jpg?resize=250%2C45&amp;ssl=1 250w\" sizes=\"(max-width: 477px) 100vw, 477px\" \/><\/figure>\n\n\n<p>Il ne s\u2019agit donc pas de s\u2019enfermer dans une seule d\u00e9marche p\u00e9dagogique, ce temps est r\u00e9volu. L\u2019\u00e9clairage que nous apportent les <strong>neurosciences<\/strong> nous apprend \u00e0 nous inspirer de propositions diff\u00e9rentes, de diff\u00e9rents auteurs aujourd\u2019hui disparus tels que Piaget, Freinet, Decroly, Montessori\u2026 mais aussi de s\u2019entourer de sp\u00e9cialistes actuels au regard critique tel que Meirieu, Stordeur, Humbeek, Houben et bien d\u2019autres.<\/p>\n\n\n<figure class=\"wp-block-image size-full\"><img data-recalc-dims=\"1\" loading=\"lazy\" decoding=\"async\" width=\"553\" height=\"89\" data-attachment-id=\"37676\" data-permalink=\"https:\/\/ccmprimaire.be\/wp\/notre-pedagogie\/dynamique-2\/\" data-orig-file=\"https:\/\/i0.wp.com\/ccmprimaire.be\/wp\/wp-content\/uploads\/2023\/07\/dynamique.jpg?fit=553%2C89&amp;ssl=1\" data-orig-size=\"553,89\" data-comments-opened=\"1\" data-image-meta=\"{&quot;aperture&quot;:&quot;0&quot;,&quot;credit&quot;:&quot;&quot;,&quot;camera&quot;:&quot;&quot;,&quot;caption&quot;:&quot;&quot;,&quot;created_timestamp&quot;:&quot;0&quot;,&quot;copyright&quot;:&quot;&quot;,&quot;focal_length&quot;:&quot;0&quot;,&quot;iso&quot;:&quot;0&quot;,&quot;shutter_speed&quot;:&quot;0&quot;,&quot;title&quot;:&quot;&quot;,&quot;orientation&quot;:&quot;0&quot;}\" data-image-title=\"dynamique\" data-image-description=\"\" data-image-caption=\"\" data-large-file=\"https:\/\/i0.wp.com\/ccmprimaire.be\/wp\/wp-content\/uploads\/2023\/07\/dynamique.jpg?fit=553%2C89&amp;ssl=1\" src=\"https:\/\/i0.wp.com\/ccmprimaire.be\/wp\/wp-content\/uploads\/2023\/07\/dynamique.jpg?resize=553%2C89&#038;ssl=1\" alt=\"\" class=\"wp-image-37676\" srcset=\"https:\/\/i0.wp.com\/ccmprimaire.be\/wp\/wp-content\/uploads\/2023\/07\/dynamique.jpg?w=553&amp;ssl=1 553w, https:\/\/i0.wp.com\/ccmprimaire.be\/wp\/wp-content\/uploads\/2023\/07\/dynamique.jpg?resize=300%2C48&amp;ssl=1 300w, https:\/\/i0.wp.com\/ccmprimaire.be\/wp\/wp-content\/uploads\/2023\/07\/dynamique.jpg?resize=150%2C24&amp;ssl=1 150w, https:\/\/i0.wp.com\/ccmprimaire.be\/wp\/wp-content\/uploads\/2023\/07\/dynamique.jpg?resize=250%2C40&amp;ssl=1 250w\" sizes=\"(max-width: 553px) 100vw, 553px\" \/><\/figure>\n\n\n<p>Nous allons donc prendre le meilleur de chacun pour cr\u00e9er une\u00a0<strong><u>p\u00e9dagogie dynamique, active<\/u><\/strong>, afin d\u2019aider tous les enfants \u00e0 progresser \u00e0 leur rythme.<\/p>\n<p>Pour celles et ceux qui se questionnent toujours sur ce qu\u2019est une p\u00e9dagogie dite \u00ab active \u00bb, cet extrait\u00a0 issus de l\u2019article : \u00ab\u00a0Un monde en changement\u00a0\u00bb\u00a0d\u2019Isabelle Sen\u00e9cal est une bonne vulgarisation dont l\u2019\u00e9cole s\u2019inspirera.<\/p>\n\n\n<figure class=\"wp-block-image size-full\"><img data-recalc-dims=\"1\" loading=\"lazy\" decoding=\"async\" width=\"495\" height=\"73\" data-attachment-id=\"37677\" data-permalink=\"https:\/\/ccmprimaire.be\/wp\/notre-pedagogie\/meilleur-2\/\" data-orig-file=\"https:\/\/i0.wp.com\/ccmprimaire.be\/wp\/wp-content\/uploads\/2023\/07\/meilleur.jpg?fit=495%2C73&amp;ssl=1\" data-orig-size=\"495,73\" data-comments-opened=\"1\" data-image-meta=\"{&quot;aperture&quot;:&quot;0&quot;,&quot;credit&quot;:&quot;&quot;,&quot;camera&quot;:&quot;&quot;,&quot;caption&quot;:&quot;&quot;,&quot;created_timestamp&quot;:&quot;0&quot;,&quot;copyright&quot;:&quot;&quot;,&quot;focal_length&quot;:&quot;0&quot;,&quot;iso&quot;:&quot;0&quot;,&quot;shutter_speed&quot;:&quot;0&quot;,&quot;title&quot;:&quot;&quot;,&quot;orientation&quot;:&quot;0&quot;}\" data-image-title=\"meilleur\" data-image-description=\"\" data-image-caption=\"\" data-large-file=\"https:\/\/i0.wp.com\/ccmprimaire.be\/wp\/wp-content\/uploads\/2023\/07\/meilleur.jpg?fit=495%2C73&amp;ssl=1\" src=\"https:\/\/i0.wp.com\/ccmprimaire.be\/wp\/wp-content\/uploads\/2023\/07\/meilleur.jpg?resize=495%2C73&#038;ssl=1\" alt=\"\" class=\"wp-image-37677\" srcset=\"https:\/\/i0.wp.com\/ccmprimaire.be\/wp\/wp-content\/uploads\/2023\/07\/meilleur.jpg?w=495&amp;ssl=1 495w, https:\/\/i0.wp.com\/ccmprimaire.be\/wp\/wp-content\/uploads\/2023\/07\/meilleur.jpg?resize=300%2C44&amp;ssl=1 300w, https:\/\/i0.wp.com\/ccmprimaire.be\/wp\/wp-content\/uploads\/2023\/07\/meilleur.jpg?resize=150%2C22&amp;ssl=1 150w, https:\/\/i0.wp.com\/ccmprimaire.be\/wp\/wp-content\/uploads\/2023\/07\/meilleur.jpg?resize=250%2C37&amp;ssl=1 250w\" sizes=\"(max-width: 495px) 100vw, 495px\" \/><\/figure>\n\n\n<p><strong>LANGUE FRANCAISE<\/strong><\/p>\n<p>Nous accorderons une grande importance au langage \u00e9crit et oral via la cr\u00e9ation de multiples occasions stimulantes. Les enfants seront baign\u00e9s dans les mots, les sons, la musique de la langue, la visite de la biblioth\u00e8que de classe et d\u2019\u00e9cole, les \u00e9changes en conseil de classe, les entretiens familiers, des histoires \u00e0 \u00e9couter et raconter\u2026 Les enfants seront invit\u00e9s \u00e0 cr\u00e9er des affiches, panneaux, tableaux, recettes, et autres supports par lesquels ils iront \u00e0 la d\u00e9couverte de l\u2019\u00e9crit.\u00a0 Dans cette d\u00e9marche, nous nous aiderons pour cela de la maison d&rsquo;\u00e9dition Atz\u00e9o.<\/p>\n<p><strong>MATHEMATIQUES<\/strong><\/p>\n<p>Il sera crucial de laisser l\u2019exp\u00e9rience des enfants leur donner une r\u00e9elle expertise pour trier, classer, compter, comparer, peser, ranger, aligner, ordonner, empiler, enlever, ajouter\u2026 On ne conclut rien, on ne d\u00e9duit rien tant que les exp\u00e9riences venant du terrain n\u2019ont pas eu lieu. L\u00e0 aussi, les \u00e9ditions Atz\u00e9o nous aideront \u00e0 mieux guider les enseignants \u00e0 mieux exploiter les diff\u00e9rentes d\u00e9couvertes des enfants.<\/p>\n<p><strong>FORMATION SCIENTIFIQUE, HUMAINE, SOCIALE, MANUELLE ET TECHNIQUE<\/strong>\u00a0<\/p>\n<p>Elle prendra appui sur l\u2019exploitation et l\u2019observation journali\u00e8re des diff\u00e9rents espaces verts de l\u2019\u00e9cole et de ses abords, via le travail manuel en atelier et les nombreuses activit\u00e9s manuelles propos\u00e9es pour garder l\u2019enfant en \u00e9veil et aiguiser sa curiosit\u00e9.<\/p>\n<p><strong>ACTIVITES ARTISTIQUES ET BIEN-\u00caTRE<\/strong><\/p>\n<p>De nombreux ateliers manuels ARTISTIQUES aideront les enfants \u00e0 travailler ensemble, en groupe, \u00e0 d\u00e9velopper l\u2019entraide, la collaboration, la d\u00e9brouillardise et la tol\u00e9rance. Les ateliers \u00ab bien-\u00eatre \u00bb permettront aux enfants de reconna\u00eetre leurs \u00e9motions et de les partager.<\/p>","protected":false},"excerpt":{"rendered":"<p>Il n\u2019existe pas une seule bonne p\u00e9dagogie mais bien un ensemble de p\u00e9dagogies qui peuvent se compl\u00e9ter afin de toucher un plus grand nombre. Il ne s\u2019agit donc pas de s\u2019enfermer dans une seule d\u00e9marche p\u00e9dagogique, ce temps est r\u00e9volu. L\u2019\u00e9clairage que nous apportent les neurosciences nous apprend \u00e0 nous\u2026 <a class=\"continue-reading-link\" href=\"https:\/\/ccmprimaire.be\/wp\/notre-pedagogie\/\">Lire la suite<\/a><\/p>\n","protected":false},"author":2,"featured_media":0,"parent":0,"menu_order":0,"comment_status":"closed","ping_status":"closed","template":"","meta":{"footnotes":""},"class_list":["post-37671","page","type-page","status-publish","hentry"],"jetpack_shortlink":"https:\/\/wp.me\/P6UVqj-9NB","jetpack-related-posts":[{"id":1178,"url":"https:\/\/ccmprimaire.be\/wp\/presentation-de-lecole\/equipe-pedagogique\/","url_meta":{"origin":37671,"position":0},"title":"Equipe p\u00e9dagogique","author":"Mr Arnaud","date":"31 octobre 2015","format":false,"excerpt":"","rel":"","context":"Article similaire","block_context":{"text":"Article similaire","link":""},"img":{"alt_text":"","src":"https:\/\/i0.wp.com\/ccmprimaire.be\/wp\/wp-content\/uploads\/2020\/08\/equipe-20-211.jpg?resize=350%2C200&ssl=1","width":350,"height":200,"srcset":"https:\/\/i0.wp.com\/ccmprimaire.be\/wp\/wp-content\/uploads\/2020\/08\/equipe-20-211.jpg?resize=350%2C200&ssl=1 1x, https:\/\/i0.wp.com\/ccmprimaire.be\/wp\/wp-content\/uploads\/2020\/08\/equipe-20-211.jpg?resize=525%2C300&ssl=1 1.5x, https:\/\/i0.wp.com\/ccmprimaire.be\/wp\/wp-content\/uploads\/2020\/08\/equipe-20-211.jpg?resize=700%2C400&ssl=1 2x, https:\/\/i0.wp.com\/ccmprimaire.be\/wp\/wp-content\/uploads\/2020\/08\/equipe-20-211.jpg?resize=1050%2C600&ssl=1 3x, https:\/\/i0.wp.com\/ccmprimaire.be\/wp\/wp-content\/uploads\/2020\/08\/equipe-20-211.jpg?resize=1400%2C800&ssl=1 4x"},"classes":[]},{"id":37682,"url":"https:\/\/ccmprimaire.be\/wp\/elementor-37682\/","url_meta":{"origin":37671,"position":1},"title":"L&rsquo;\u00e9quipe maternelle","author":"Mr Arnaud","date":"12 juillet 2023","format":false,"excerpt":"Equipe p\u00e9dagogique 2025-2026 Accueil - M1 M2 - M3 Aide p\u00e9dagogique Acc-M1A\u00a0Mme C\u00e9cile DEFRENNEAcc-M1B\u00a0Mme Valentine MERTENSAcc-M1C\u00a0Mme Jennifer VOLKAERTS\u00a0 M2A-M3A\u00a0Mme Ma\u00eblle DELABRE M2B-M3B Mme Marie CATRY M2C-M3C\u00a0Mme B\u00e9n\u00e9dicte DUFAY Gym - Psychomotricit\u00e9\u00a0M. Thibaut ROSE","rel":"","context":"Article similaire","block_context":{"text":"Article similaire","link":""},"img":{"alt_text":"","src":"https:\/\/i0.wp.com\/ccmprimaire.be\/wp\/wp-content\/uploads\/2023\/07\/Sans-titre-1.jpg?resize=350%2C200&ssl=1","width":350,"height":200,"srcset":"https:\/\/i0.wp.com\/ccmprimaire.be\/wp\/wp-content\/uploads\/2023\/07\/Sans-titre-1.jpg?resize=350%2C200&ssl=1 1x, https:\/\/i0.wp.com\/ccmprimaire.be\/wp\/wp-content\/uploads\/2023\/07\/Sans-titre-1.jpg?resize=525%2C300&ssl=1 1.5x, https:\/\/i0.wp.com\/ccmprimaire.be\/wp\/wp-content\/uploads\/2023\/07\/Sans-titre-1.jpg?resize=700%2C400&ssl=1 2x"},"classes":[]},{"id":190,"url":"https:\/\/ccmprimaire.be\/wp\/presentation-de-lecole\/","url_meta":{"origin":37671,"position":2},"title":"Pr\u00e9sentation de l&rsquo;\u00e9cole","author":"Mr Arnaud","date":"21 octobre 2015","format":false,"excerpt":"L'\u00e9cole fondamentale du CCM est une des 4 \u00e9coles sur le Campus. \u00a0(DOA, Humanit\u00e9s et Institut). L'\u00e9cole est constitu\u00e9e de classes \"maternelle\" et de 20 classes \"primaire\": 3 classes en 1re3 classes en 2e 3 classes en 3e3 classes en 4e 4 classes en 5e4 classes en 6e \u00a0 \u00a0\u2026","rel":"","context":"Article similaire","block_context":{"text":"Article similaire","link":""},"img":{"alt_text":"","src":"https:\/\/i0.wp.com\/ccmprimaire.be\/wp\/wp-content\/uploads\/2021\/03\/art-6e-3-1.jpg?resize=350%2C200&ssl=1","width":350,"height":200,"srcset":"https:\/\/i0.wp.com\/ccmprimaire.be\/wp\/wp-content\/uploads\/2021\/03\/art-6e-3-1.jpg?resize=350%2C200&ssl=1 1x, https:\/\/i0.wp.com\/ccmprimaire.be\/wp\/wp-content\/uploads\/2021\/03\/art-6e-3-1.jpg?resize=525%2C300&ssl=1 1.5x"},"classes":[]},{"id":37043,"url":"https:\/\/ccmprimaire.be\/wp\/agenda-2023-2024\/","url_meta":{"origin":37671,"position":3},"title":"Agenda 2024 &#8211; 2025","author":"Mr Arnaud","date":"28 juin 2023","format":false,"excerpt":"Agenda 2025 - 2026 Ao\u00fbt Lundi 25 ao\u00fbt 2025Rentr\u00e9e des classes\u00a0 Septembre Mardi 2 septembre 2025R\u00e9union de parents pour les maternelles, P1 et P2 \u00e0 19h au b\u00e2timent K (grand r\u00e9fectoire)Jeudi 4 septembre 2025R\u00e9union de parents pour les P3-4-5-6 \u00e0 19h au b\u00e2timent K (grand r\u00e9fectoire)Lundi 08 septembre 2025Photographe \u00e0\u2026","rel":"","context":"Article similaire","block_context":{"text":"Article similaire","link":""},"img":{"alt_text":"","src":"","width":0,"height":0},"classes":[]},{"id":45,"url":"https:\/\/ccmprimaire.be\/wp\/presentation-de-lecole\/projet-educatif\/","url_meta":{"origin":37671,"position":4},"title":"Projets \u00e9ducatif et p\u00e9dagogique","author":"Mr Arnaud","date":"18 octobre 2015","format":false,"excerpt":"\u00a0 \u00a0","rel":"","context":"Article similaire","block_context":{"text":"Article similaire","link":""},"img":{"alt_text":"","src":"https:\/\/i0.wp.com\/ccmprimaire.be\/wp\/wp-content\/uploads\/2023\/07\/projet-educatif.jpg?resize=350%2C200&ssl=1","width":350,"height":200,"srcset":"https:\/\/i0.wp.com\/ccmprimaire.be\/wp\/wp-content\/uploads\/2023\/07\/projet-educatif.jpg?resize=350%2C200&ssl=1 1x, https:\/\/i0.wp.com\/ccmprimaire.be\/wp\/wp-content\/uploads\/2023\/07\/projet-educatif.jpg?resize=525%2C300&ssl=1 1.5x, https:\/\/i0.wp.com\/ccmprimaire.be\/wp\/wp-content\/uploads\/2023\/07\/projet-educatif.jpg?resize=700%2C400&ssl=1 2x"},"classes":[]},{"id":29592,"url":"https:\/\/ccmprimaire.be\/wp\/equipe-educative-2021-2022\/","url_meta":{"origin":37671,"position":5},"title":"Equipe \u00e9ducative 2022 &#8211; 2023","author":"Mr Arnaud","date":"7 juin 2021","format":false,"excerpt":"Equipe p\u00e9dagogique 2022 - 2023 1re primaire P1A\u00a0Mme Marie RUYSSINCK P1B\u00a0M. Vincent DEJONGHE P1C\u00a0Mme Pierre DENEFFE 2e primaire P2A\u00a0Mme Sophie TILMAN P2B\u00a0Mme Elisa MIRASOLA P2C\u00a0Mme Laurence VERHAMME 3e primaire P3A\u00a0Mme Laetitia SZEP et Mme Fr\u00e9d\u00e9rique BREYNEP3B\u00a0Mme Dominique MATHONP3C\u00a0Mme Anne-Sophie DUTREMBLE\u00a0et Mme Fr\u00e9d\u00e9rique BREYNE 4e primaire P4A\u00a0Mme Dominique LAUWERS P4B\u00a0Mme Isabelle\u2026","rel":"","context":"Article similaire","block_context":{"text":"Article similaire","link":""},"img":{"alt_text":"","src":"https:\/\/i0.wp.com\/ccmprimaire.be\/wp\/wp-content\/uploads\/2021\/06\/equipe-6-1024x727.jpg?resize=350%2C200&ssl=1","width":350,"height":200,"srcset":"https:\/\/i0.wp.com\/ccmprimaire.be\/wp\/wp-content\/uploads\/2021\/06\/equipe-6-1024x727.jpg?resize=350%2C200&ssl=1 1x, https:\/\/i0.wp.com\/ccmprimaire.be\/wp\/wp-content\/uploads\/2021\/06\/equipe-6-1024x727.jpg?resize=525%2C300&ssl=1 1.5x, https:\/\/i0.wp.com\/ccmprimaire.be\/wp\/wp-content\/uploads\/2021\/06\/equipe-6-1024x727.jpg?resize=700%2C400&ssl=1 2x"},"classes":[]}],"jetpack_sharing_enabled":true,"_links":{"self":[{"href":"https:\/\/ccmprimaire.be\/wp\/wp-json\/wp\/v2\/pages\/37671","targetHints":{"allow":["GET"]}}],"collection":[{"href":"https:\/\/ccmprimaire.be\/wp\/wp-json\/wp\/v2\/pages"}],"about":[{"href":"https:\/\/ccmprimaire.be\/wp\/wp-json\/wp\/v2\/types\/page"}],"author":[{"embeddable":true,"href":"https:\/\/ccmprimaire.be\/wp\/wp-json\/wp\/v2\/users\/2"}],"replies":[{"embeddable":true,"href":"https:\/\/ccmprimaire.be\/wp\/wp-json\/wp\/v2\/comments?post=37671"}],"version-history":[{"count":5,"href":"https:\/\/ccmprimaire.be\/wp\/wp-json\/wp\/v2\/pages\/37671\/revisions"}],"predecessor-version":[{"id":42080,"href":"https:\/\/ccmprimaire.be\/wp\/wp-json\/wp\/v2\/pages\/37671\/revisions\/42080"}],"wp:attachment":[{"href":"https:\/\/ccmprimaire.be\/wp\/wp-json\/wp\/v2\/media?parent=37671"}],"curies":[{"name":"wp","href":"https:\/\/api.w.org\/{rel}","templated":true}]}}