{"id":163,"date":"2015-10-21T18:44:23","date_gmt":"2015-10-21T16:44:23","guid":{"rendered":"http:\/\/ccmprimaire.be\/wp\/?page_id=163"},"modified":"2025-10-02T22:22:25","modified_gmt":"2025-10-02T20:22:25","slug":"centre-psycho-medico-social-libre","status":"publish","type":"page","link":"https:\/\/ccmprimaire.be\/wp\/services\/centre-psycho-medico-social-libre\/","title":{"rendered":"centre Psycho &#8211; M\u00e9dico &#8211; Social libre (PMS)"},"content":{"rendered":"<p><a href=\"https:\/\/i0.wp.com\/ccmprimaire.be\/wp\/wp-content\/uploads\/2015\/10\/PMS.jpg?ssl=1\"><img data-recalc-dims=\"1\" decoding=\"async\" data-attachment-id=\"164\" data-permalink=\"https:\/\/ccmprimaire.be\/wp\/services\/centre-psycho-medico-social-libre\/pms\/\" data-orig-file=\"https:\/\/i0.wp.com\/ccmprimaire.be\/wp\/wp-content\/uploads\/2015\/10\/PMS-e1446734737234.jpg?fit=266%2C125&amp;ssl=1\" data-orig-size=\"266,125\" data-comments-opened=\"0\" data-image-meta=\"{&quot;aperture&quot;:&quot;0&quot;,&quot;credit&quot;:&quot;&quot;,&quot;camera&quot;:&quot;&quot;,&quot;caption&quot;:&quot;&quot;,&quot;created_timestamp&quot;:&quot;0&quot;,&quot;copyright&quot;:&quot;&quot;,&quot;focal_length&quot;:&quot;0&quot;,&quot;iso&quot;:&quot;0&quot;,&quot;shutter_speed&quot;:&quot;0&quot;,&quot;title&quot;:&quot;&quot;,&quot;orientation&quot;:&quot;0&quot;}\" data-image-title=\"PMS\" data-image-description=\"\" data-image-caption=\"\" data-large-file=\"https:\/\/i0.wp.com\/ccmprimaire.be\/wp\/wp-content\/uploads\/2015\/10\/PMS-e1446734737234.jpg?fit=950%2C446&amp;ssl=1\" class=\"alignleft size-medium wp-image-164\" src=\"https:\/\/i0.wp.com\/ccmprimaire.be\/wp\/wp-content\/uploads\/2015\/10\/PMS.jpg?resize=300%2C141&#038;ssl=1\" alt=\"PMS\" width=\"300\" height=\"141\" \/><\/a>Chauss\u00e9e Reine Astrid, 79\u00a0 1420 Braine-l\u2019Alleud T\u00e9l. : 02\/384.51.36<\/p>\n<p>Le centre PMS (ou centre Psycho &#8211; M\u00e9dico &#8211; Social) fait partie du monde\u00a0de l\u2019enseignement. Psychologues, infirmi\u00e8res et assistantes sociales y travaillent en \u00e9quipes.<\/p>\n<p>Tout \u00e9l\u00e8ve peut b\u00e9n\u00e9ficier des services gratuits du centre PMS dans l\u2019\u00e9cole.<\/p>\n<p>Ces interventions (actions) peuvent se situer au niveau du groupe classe (guidance collective) ou au niveau de l\u2019\u00e9l\u00e8ve (guidance individuelle).<\/p>\n<p>Il va de soi qu\u2019une intervention individuelle plus approfondie n\u00e9cessite une collaboration avec les parents.<\/p>\n<p>Le centre P.M.S. constitue essentiellement un lieu de rencontre o\u00f9 dialoguent des personnes. Son souhait est d\u2019\u00eatre avant tout, ouvert aux questions touchant tant aux \u00e9tudes qu\u2019\u00e0\u00a0 l\u2019\u00e9ducation des enfants et des jeunes.<\/p>\n<p>Pour l\u2019\u00e9cole primaire du CCM, vous pouvez contacter Anic\u00e9e Duterte et Maya Schuiten. (<a href=\"mailto:ccmprim@centrepms.be\" target=\"_blank\" rel=\"noopener\">ccmprim@centrepms.be<\/a>)<\/p>\n","protected":false},"excerpt":{"rendered":"<p>Chauss\u00e9e Reine Astrid, 79\u00a0 1420 Braine-l\u2019Alleud T\u00e9l. : 02\/384.51.36 Le centre PMS (ou centre Psycho &#8211; M\u00e9dico &#8211; Social) fait partie du monde\u00a0de l\u2019enseignement. Psychologues, infirmi\u00e8res et assistantes sociales y travaillent en \u00e9quipes. Tout \u00e9l\u00e8ve peut b\u00e9n\u00e9ficier des services gratuits du centre PMS dans l\u2019\u00e9cole. Ces interventions (actions) peuvent se\u2026 <a class=\"continue-reading-link\" href=\"https:\/\/ccmprimaire.be\/wp\/services\/centre-psycho-medico-social-libre\/\">Lire la suite<\/a><\/p>\n","protected":false},"author":2,"featured_media":0,"parent":20185,"menu_order":0,"comment_status":"closed","ping_status":"closed","template":"","meta":{"footnotes":""},"class_list":["post-163","page","type-page","status-publish","hentry"],"jetpack_shortlink":"https:\/\/wp.me\/P6UVqj-2D","jetpack-related-posts":[{"id":20185,"url":"https:\/\/ccmprimaire.be\/wp\/services\/","url_meta":{"origin":163,"position":0},"title":"Services","author":"Mr Arnaud","date":"6 mars 2019","format":false,"excerpt":"Organisation de l'\u00e9cole Centre PMS Centre de Promotion pour la Sant\u00e9 La comptabilit\u00e9 L'infirmerie Les \u00e9tudes Les activit\u00e9s parascolaires Les objets perdus Le r\u00e9fectoire","rel":"","context":"Article similaire","block_context":{"text":"Article similaire","link":""},"img":{"alt_text":"","src":"","width":0,"height":0},"classes":[]},{"id":104,"url":"https:\/\/ccmprimaire.be\/wp\/infos-pratiques\/contact\/","url_meta":{"origin":163,"position":1},"title":"Contact","author":"Mr Arnaud","date":"21 octobre 2015","format":false,"excerpt":"Facebook Twitter Link Direction M. Bruno HENDRICKX (P3 \u00e0 P6)bruno.hendrickx@ccm.be0490\/11 27 21M. Quentin OPDEBEECK (maternelles + P1 et P2)quentin.opdebeeck@ccm.be\u00a00493\/09 31 23 Comptabilit\u00e9 compta@ccm.be02\/386 15 12 PMS ccmprim@centrepms.be02\/384 51 36 Centre sportif 02\/386 15 46info@ccmsports.be Secr\u00e9tariat Mme Roxane MESMINecoleprimaire@ccm.be02\/386 15 43 InfiRmerie infirmerie@ccm.be02\/386 15 290472\/82 60 14 Garderie matin 0476\/58 01\u2026","rel":"","context":"Article similaire","block_context":{"text":"Article similaire","link":""},"img":{"alt_text":"","src":"","width":0,"height":0},"classes":[]},{"id":49,"url":"https:\/\/ccmprimaire.be\/wp\/services\/le-centre-de-promotion-pour-la-sante\/","url_meta":{"origin":163,"position":2},"title":"Le Centre de promotion pour la sante","author":"Mr Arnaud","date":"18 octobre 2015","format":false,"excerpt":"La tutelle sanitaire des \u00e9l\u00e8ves est assur\u00e9e par le service de sant\u00e9. Son r\u00f4le est multiple et concerne aussi bien l\u2019inspection des classes lors d\u2019une invasion de poux que la visite m\u00e9dicale des enfants. \u00a0 Centre de Promotion de la Sant\u00e9 \u00e0 l\u2019Ecole, Chemin des Roussettes, 15 1420 Braine-l\u2019Alleud -\u2026","rel":"","context":"Article similaire","block_context":{"text":"Article similaire","link":""},"img":{"alt_text":"","src":"https:\/\/i0.wp.com\/ccmprimaire.be\/wp\/wp-content\/uploads\/2015\/10\/centre-de-sant%C3%A9.jpg?fit=800%2C600&ssl=1&resize=350%2C200","width":350,"height":200,"srcset":"https:\/\/i0.wp.com\/ccmprimaire.be\/wp\/wp-content\/uploads\/2015\/10\/centre-de-sant%C3%A9.jpg?fit=800%2C600&ssl=1&resize=350%2C200 1x, https:\/\/i0.wp.com\/ccmprimaire.be\/wp\/wp-content\/uploads\/2015\/10\/centre-de-sant%C3%A9.jpg?fit=800%2C600&ssl=1&resize=525%2C300 1.5x, https:\/\/i0.wp.com\/ccmprimaire.be\/wp\/wp-content\/uploads\/2015\/10\/centre-de-sant%C3%A9.jpg?fit=800%2C600&ssl=1&resize=700%2C400 2x"},"classes":[]},{"id":17738,"url":"https:\/\/ccmprimaire.be\/wp\/presentation-de-lecole\/accueil-temps-libre-roi\/","url_meta":{"origin":163,"position":3},"title":"Accueil temps libre \u2013 ROI","author":"Mr Arnaud","date":"12 novembre 2018","format":false,"excerpt":"\u00a0 L\u2019accueil Temps Libre organis\u00e9 par l\u2019\u00e9cole Primaire Libre Subventionn\u00e9e Mixte \u00e0 Braine-l\u2019Alleud R\u00e8glement d\u2019Ordre Int\u00e9rieur \u00a0 En conformit\u00e9 avec le d\u00e9cret \u00ab\u00a0Accueil Temps Libre\u00a0\u00bb, les objectifs poursuivis sont\u00a0: \u00a0 L\u2019\u00e9panouissement global des enfants par l\u2019organisation d\u2019activit\u00e9s de d\u00e9veloppement multidimensionnel adapt\u00e9es \u00e0 leurs capacit\u00e9s et \u00e0 leurs rythmes. L\u2019\u00e9cole occupe\u2026","rel":"","context":"Article similaire","block_context":{"text":"Article similaire","link":""},"img":{"alt_text":"","src":"","width":0,"height":0},"classes":[]},{"id":154,"url":"https:\/\/ccmprimaire.be\/wp\/activites\/les-activites-parascolaires\/","url_meta":{"origin":163,"position":4},"title":"Les activit\u00e9s parascolaires","author":"Mr Arnaud","date":"21 octobre 2015","format":false,"excerpt":"Centre sportif Le Centre sportif du Coll\u00e8ge propose aux \u00e9l\u00e8ves et aux parents de nombreuses activit\u00e9s telles que tennis, judo, badminton, natation, gymnastique, escalade en salle, handball, football, plong\u00e9e\u2026 Vous retrouverez toutes les informations sur le site: https:\/\/www7.iclub.be\/home3.asp?ClubID=207&LG=FR Sport M Lorenzo - Handball :Le jeudi pour les P5 et P6\u2026","rel":"","context":"Article similaire","block_context":{"text":"Article similaire","link":""},"img":{"alt_text":"","src":"https:\/\/i0.wp.com\/ccmprimaire.be\/wp\/wp-content\/uploads\/2018\/06\/activites-parascolaires.png?resize=350%2C200&ssl=1","width":350,"height":200,"srcset":"https:\/\/i0.wp.com\/ccmprimaire.be\/wp\/wp-content\/uploads\/2018\/06\/activites-parascolaires.png?resize=350%2C200&ssl=1 1x, https:\/\/i0.wp.com\/ccmprimaire.be\/wp\/wp-content\/uploads\/2018\/06\/activites-parascolaires.png?resize=525%2C300&ssl=1 1.5x, https:\/\/i0.wp.com\/ccmprimaire.be\/wp\/wp-content\/uploads\/2018\/06\/activites-parascolaires.png?resize=700%2C400&ssl=1 2x"},"classes":[]},{"id":139,"url":"https:\/\/ccmprimaire.be\/wp\/services\/organisation-de-lecole\/","url_meta":{"origin":163,"position":5},"title":"Organisation de l&rsquo;\u00e9cole","author":"Mr Arnaud","date":"21 octobre 2015","format":false,"excerpt":"Horaire : L\u2019accueil des \u00e9l\u00e8ves est assur\u00e9 de 7 h\u00a0\u00e0 18 h. Les enfants sont accueillis en classe d\u00e8s 08h15. Les cours d\u00e9butent \u00e0 8 h 30\u00a0et se terminent \u00e0 15 h 30. Le mercredi, la fin des cours est \u00e0\u00a012 h 10. Toute arriv\u00e9e tardive doit \u00eatre justifi\u00e9e. Le\u2026","rel":"","context":"Article similaire","block_context":{"text":"Article similaire","link":""},"img":{"alt_text":"horloge","src":"https:\/\/i0.wp.com\/ccmprimaire.be\/wp\/wp-content\/uploads\/2015\/10\/horloge-300x300.jpg?resize=350%2C200","width":350,"height":200},"classes":[]}],"jetpack_sharing_enabled":true,"_links":{"self":[{"href":"https:\/\/ccmprimaire.be\/wp\/wp-json\/wp\/v2\/pages\/163","targetHints":{"allow":["GET"]}}],"collection":[{"href":"https:\/\/ccmprimaire.be\/wp\/wp-json\/wp\/v2\/pages"}],"about":[{"href":"https:\/\/ccmprimaire.be\/wp\/wp-json\/wp\/v2\/types\/page"}],"author":[{"embeddable":true,"href":"https:\/\/ccmprimaire.be\/wp\/wp-json\/wp\/v2\/users\/2"}],"replies":[{"embeddable":true,"href":"https:\/\/ccmprimaire.be\/wp\/wp-json\/wp\/v2\/comments?post=163"}],"version-history":[{"count":8,"href":"https:\/\/ccmprimaire.be\/wp\/wp-json\/wp\/v2\/pages\/163\/revisions"}],"predecessor-version":[{"id":42150,"href":"https:\/\/ccmprimaire.be\/wp\/wp-json\/wp\/v2\/pages\/163\/revisions\/42150"}],"up":[{"embeddable":true,"href":"https:\/\/ccmprimaire.be\/wp\/wp-json\/wp\/v2\/pages\/20185"}],"wp:attachment":[{"href":"https:\/\/ccmprimaire.be\/wp\/wp-json\/wp\/v2\/media?parent=163"}],"curies":[{"name":"wp","href":"https:\/\/api.w.org\/{rel}","templated":true}]}}